{"id":333,"date":"2015-10-30T13:52:04","date_gmt":"2015-10-30T13:52:04","guid":{"rendered":"http:\/\/jwsuperthemes.com\/noraure\/?page_id=333"},"modified":"2023-04-20T07:24:50","modified_gmt":"2023-04-20T11:24:50","slug":"contact","status":"publish","type":"page","link":"https:\/\/patteschoyees.ca\/en_ca\/contact\/","title":{"rendered":"Contact"},"content":{"rendered":"<div class=\"wpb-content-wrapper\"><div  class=\" vc_row69ea4875e828b vc_row wpb_row  vc_custom_1463123545197 \"><div class=\"container\"><div class=\"row\">\n\t<div class=\"vc_col-sm-12 wpb_column vc_column_container \">\n\t\t<div class=\"wpb_wrapper\">\n\t\t\t<div class=\"vc_row wpb_row vc_inner vc_row-fluid\"><div class=\"wpb_column vc_column_container vc_col-sm-4\"><div class=\"vc_column-inner\"><div class=\"wpb_wrapper\">\t\t<div class=\"tb-service-wrap \">\r\t\t\t\t\t\t\t\t\t\t<div class=\"tb-service tpl3 text-left tpl5\">\r\t\t\t\t\t<span class=\"tb-icon\"><i class=\"fa fa-mobile\" style=\"font-size:56px\";\"><\/i><\/span>\t\t\t\t\t\t\t\t\t\t<div class=\"tb-content\"><p>(438) 886-5664<\/p>\n<\/div>\t\t\t\t<\/div>\r\t\t\t\r\t\t\t\t\t<\/div>\r    <\/div><\/div><\/div><div class=\"wpb_column vc_column_container vc_col-sm-4\"><div class=\"vc_column-inner\"><div class=\"wpb_wrapper\">\t\t<div class=\"tb-service-wrap \">\r\t\t\t\t\t\t\t\t\t\t<div class=\"tb-service tpl3 text-left tpl5\">\r\t\t\t\t\t<span class=\"tb-icon\"><i class=\"fa fa-map-marker\"><\/i><\/span>\t\t\t\t\t\t\t\t\t\t<div class=\"tb-content\"><p>Rigaud, Quebec<\/p>\n<p>Canada<\/p>\n<\/div>\t\t\t\t<\/div>\r\t\t\t\r\t\t\t\t\t<\/div>\r    <\/div><\/div><\/div><div class=\"wpb_column vc_column_container vc_col-sm-4\"><div class=\"vc_column-inner\"><div class=\"wpb_wrapper\">\t\t<div class=\"tb-service-wrap \">\r\t\t\t\t\t\t\t\t\t\t<div class=\"tb-service tpl3 text-left tpl5\">\r\t\t\t\t\t<span class=\"tb-icon\"><i class=\"fa fa-envelope-o\" style=\"font-size:42px\";\"><\/i><\/span>\t\t\t\t\t\t\t\t\t\t<div class=\"tb-content\"><p>info@patteschoyees.ca<\/p>\n<p>info@pamperedpawsproducts.ca<\/p>\n<\/div>\t\t\t\t<\/div>\r\t\t\t\r\t\t\t\t\t<\/div>\r    <\/div><\/div><\/div><\/div>\n\t\t<\/div> \n\t<\/div> \n<\/div><\/div><\/div><div  class=\" vc_row69ea4875e9660 vc_row wpb_row  tb-custom-contact vc_custom_1463123624023 \"><div class=\"container\"><div class=\"row\">\n\t<div class=\"vc_col-sm-12 wpb_column vc_column_container \">\n\t\t<div class=\"wpb_wrapper\">\n\t\t\t\n\t<div class=\"wpb_text_column wpb_content_element vc_custom_1463110804895\" >\n\t\t<div class=\"wpb_wrapper\">\n\t\t\t<h2 style=\"text-align: center;\">Contact Form<\/h2>\n\n\t\t<\/div>\n\t<\/div>\n\n\t<div class=\"wpb_text_column wpb_content_element vc_custom_1548974248441\" >\n\t\t<div class=\"wpb_wrapper\">\n\t\t\t\n\t\t<\/div>\n\t<\/div>\n<div class=\"vc_separator wpb_content_element vc_separator_align_center vc_sep_width_10 vc_sep_pos_align_center vc_separator_no_text wpb_content_element  wpb_content_element\" ><span class=\"vc_sep_holder vc_sep_holder_l\"><span style=\"border-color:#febe14;\" class=\"vc_sep_line\"><\/span><\/span><span class=\"vc_sep_holder vc_sep_holder_r\"><span style=\"border-color:#febe14;\" class=\"vc_sep_line\"><\/span><\/span>\n<\/div>\n\t\t<\/div> \n\t<\/div> \n<\/div><\/div><\/div><div  class=\" vc_row69ea48760719a vc_row wpb_row  tb-contact-form7 vc_custom_1463645054993 \"><div class=\"container\"><div class=\"row\">\n\t<div class=\"vc_col-sm-12 wpb_column vc_column_container \">\n\t\t<div class=\"wpb_wrapper\">\n\t\t\t\n\t<div class=\"wpb_text_column wpb_content_element\" >\n\t\t<div class=\"wpb_wrapper\">\n\t\t\t\n<div class=\"wpcf7 no-js\" id=\"wpcf7-f141-o1\" lang=\"en-US\" dir=\"ltr\" data-wpcf7-id=\"141\">\n<div class=\"screen-reader-response\"><p role=\"status\" aria-live=\"polite\" aria-atomic=\"true\"><\/p> <ul><\/ul><\/div>\n<form action=\"\/en_ca\/wp-json\/wp\/v2\/pages\/333#wpcf7-f141-o1\" method=\"post\" class=\"wpcf7-form init\" aria-label=\"Contact form\" novalidate=\"novalidate\" data-status=\"init\">\n<fieldset class=\"hidden-fields-container\"><input type=\"hidden\" name=\"_wpcf7\" value=\"141\" \/><input type=\"hidden\" name=\"_wpcf7_version\" value=\"6.1.1\" \/><input type=\"hidden\" name=\"_wpcf7_locale\" value=\"en_US\" \/><input type=\"hidden\" name=\"_wpcf7_unit_tag\" value=\"wpcf7-f141-o1\" \/><input type=\"hidden\" name=\"_wpcf7_container_post\" value=\"0\" \/><input type=\"hidden\" name=\"_wpcf7_posted_data_hash\" value=\"\" \/><input type=\"hidden\" name=\"_wpcf7_recaptcha_response\" value=\"\" \/>\n<\/fieldset>\n<div class=\"row\">\n\t<div class=\"col-xs-12 col-md-6\">\n\t\t<p><span class=\"wpcf7-form-control-wrap\" data-name=\"your-subject\"><input size=\"40\" maxlength=\"400\" class=\"wpcf7-form-control wpcf7-text\" aria-invalid=\"false\" placeholder=\"Title\" value=\"\" type=\"text\" name=\"your-subject\" \/><\/span><span class=\"wpcf7-form-control-wrap\" data-name=\"your-phone\"><input size=\"40\" maxlength=\"400\" class=\"wpcf7-form-control wpcf7-tel wpcf7-text wpcf7-validates-as-tel\" aria-invalid=\"false\" placeholder=\"Your Phone\" value=\"\" type=\"tel\" name=\"your-phone\" \/><\/span>\n\t\t<\/p>\n\t<\/div>\n\t<div class=\"col-xs-12 col-md-6\">\n\t\t<p><span class=\"wpcf7-form-control-wrap\" data-name=\"your-name\"><input size=\"40\" maxlength=\"400\" class=\"wpcf7-form-control wpcf7-text wpcf7-validates-as-required\" aria-required=\"true\" aria-invalid=\"false\" placeholder=\"Your Name\" value=\"\" type=\"text\" name=\"your-name\" \/><\/span><span class=\"wpcf7-form-control-wrap\" data-name=\"your-email\"><input size=\"40\" maxlength=\"400\" class=\"wpcf7-form-control wpcf7-email wpcf7-validates-as-required wpcf7-text wpcf7-validates-as-email\" aria-required=\"true\" aria-invalid=\"false\" placeholder=\"Your Email\" value=\"\" type=\"email\" name=\"your-email\" \/><\/span>\n\t\t<\/p>\n\t<\/div>\n\t<div class=\"col-xs-12\">\n\t\t<p><span class=\"wpcf7-form-control-wrap\" data-name=\"your-message\"><textarea cols=\"40\" rows=\"10\" maxlength=\"2000\" class=\"wpcf7-form-control wpcf7-textarea wpcf7-validates-as-required\" aria-required=\"true\" aria-invalid=\"false\" placeholder=\"Message\" name=\"your-message\"><\/textarea><\/span>\n\t\t<\/p>\n\t<\/div>\n\t<div class=\"text-center\">\n\t\t<p><input class=\"wpcf7-form-control wpcf7-submit has-spinner\" type=\"submit\" value=\"Send Us\" \/>\n\t\t<\/p>\n\t<\/div>\n<\/div><p style=\"display: none !important;\" class=\"akismet-fields-container\" data-prefix=\"_wpcf7_ak_\"><label>&#916;<textarea name=\"_wpcf7_ak_hp_textarea\" cols=\"45\" rows=\"8\" maxlength=\"100\"><\/textarea><\/label><input type=\"hidden\" id=\"ak_js_1\" name=\"_wpcf7_ak_js\" value=\"48\"\/><script>document.getElementById( \"ak_js_1\" ).setAttribute( \"value\", ( new Date() ).getTime() );<\/script><\/p><div class=\"wpcf7-response-output\" aria-hidden=\"true\"><\/div>\n<\/form>\n<\/div>\n\n\n\t\t<\/div>\n\t<\/div>\n\n\t\t<\/div> \n\t<\/div> \n<\/div><\/div><\/div><div  class=\" vc_row69ea4876184d4 vc_row wpb_row  \"><div class=\"container\"><div class=\"row\">\n\t<div class=\"vc_col-sm-12 wpb_column vc_column_container \">\n\t\t<div class=\"wpb_wrapper\">\n\t\t\t<div class=\"wpb_gmaps_widget wpb_content_element\"><div class=\"wpb_wrapper\"><div class=\"wpb_map_wraper\"><iframe loading=\"lazy\" src=\"https:\/\/www.google.com\/maps\/d\/u\/1\/embed?mid=1Uhvg4I4gnTbTZl7u5G4F4olZrBWyevsx\" width=\"640\" height=\"480\"><\/iframe><\/div><\/div><\/div>\n\t\t<\/div> \n\t<\/div> \n<\/div><\/div><\/div>\n<\/div>","protected":false},"excerpt":{"rendered":"info@patteschoyees.ca info@pamperedpawsproducts.ca Contact Form &#916;","protected":false},"author":1,"featured_media":0,"parent":0,"menu_order":0,"comment_status":"closed","ping_status":"closed","template":"","meta":{"footnotes":""},"class_list":["post-333","page","type-page","status-publish","hentry"],"yoast_head":"<!-- This site is optimized with the Yoast SEO plugin v25.7 - https:\/\/yoast.com\/wordpress\/plugins\/seo\/ -->\n<title>Contact - PATTES CHOY&Eacute;ES-PAMPERED PAWS<\/title>\n<meta name=\"description\" content=\"Baume pour pattes de votre chien tout naturel et non-rafin\u00e9. Ideale pour prot\u00e8ger les cousinets l&#039;hiver contre le sel et l&#039;accumulation de neige, excellent hydratant pour le nez et pattes- Natural unrefined balm to help protect your dog&#039;s paws against salt and snow accumulations, works great as a moisturizer for his nose and pads.\" \/>\n<meta name=\"robots\" content=\"index, follow, max-snippet:-1, max-image-preview:large, max-video-preview:-1\" \/>\n<link rel=\"canonical\" href=\"https:\/\/patteschoyees.ca\/en_ca\/contact\/\" \/>\n<meta property=\"og:locale\" content=\"en_US\" \/>\n<meta property=\"og:type\" content=\"article\" \/>\n<meta property=\"og:title\" content=\"Contact - PATTES CHOY&Eacute;ES-PAMPERED PAWS\" \/>\n<meta property=\"og:description\" content=\"Baume pour pattes de votre chien tout naturel et non-rafin\u00e9. Ideale pour prot\u00e8ger les cousinets l&#039;hiver contre le sel et l&#039;accumulation de neige, excellent hydratant pour le nez et pattes- Natural unrefined balm to help protect your dog&#039;s paws against salt and snow accumulations, works great as a moisturizer for his nose and pads.\" \/>\n<meta property=\"og:url\" content=\"https:\/\/patteschoyees.ca\/en_ca\/contact\/\" \/>\n<meta property=\"og:site_name\" content=\"PATTES CHOY&Eacute;ES-PAMPERED PAWS\" \/>\n<meta property=\"article:publisher\" content=\"https:\/\/www.facebook.com\/Patteschoyees\" \/>\n<meta property=\"article:modified_time\" content=\"2023-04-20T11:24:50+00:00\" \/>\n<meta property=\"og:image\" content=\"https:\/\/i0.wp.com\/patteschoyees.ca\/wp-content\/uploads\/2019\/03\/Pampered-paws-logo-FINAL.png?fit=6482%2C6481&ssl=1\" \/>\n\t<meta property=\"og:image:width\" content=\"6482\" \/>\n\t<meta property=\"og:image:height\" content=\"6481\" \/>\n\t<meta property=\"og:image:type\" content=\"image\/png\" \/>\n<meta name=\"twitter:card\" content=\"summary_large_image\" \/>\n<meta name=\"twitter:site\" content=\"@pamperedpawbalm\" \/>\n<meta name=\"twitter:label1\" content=\"Est. reading time\" \/>\n\t<meta name=\"twitter:data1\" content=\"1 minute\" \/>\n<script type=\"application\/ld+json\" class=\"yoast-schema-graph\">{\"@context\":\"https:\/\/schema.org\",\"@graph\":[{\"@type\":\"WebPage\",\"@id\":\"https:\/\/patteschoyees.ca\/contact\/\",\"url\":\"https:\/\/patteschoyees.ca\/contact\/\",\"name\":\"Contact - PATTES CHOY&Eacute;ES-PAMPERED PAWS\",\"isPartOf\":{\"@id\":\"https:\/\/patteschoyees.ca\/#website\"},\"datePublished\":\"2015-10-30T13:52:04+00:00\",\"dateModified\":\"2023-04-20T11:24:50+00:00\",\"description\":\"Baume pour pattes de votre chien tout naturel et non-rafin\u00e9. Ideale pour prot\u00e8ger les cousinets l'hiver contre le sel et l'accumulation de neige, excellent hydratant pour le nez et pattes- Natural unrefined balm to help protect your dog's paws against salt and snow accumulations, works great as a moisturizer for his nose and pads.\",\"breadcrumb\":{\"@id\":\"https:\/\/patteschoyees.ca\/contact\/#breadcrumb\"},\"inLanguage\":\"en-CA\",\"potentialAction\":[{\"@type\":\"ReadAction\",\"target\":[\"https:\/\/patteschoyees.ca\/contact\/\"]}]},{\"@type\":\"BreadcrumbList\",\"@id\":\"https:\/\/patteschoyees.ca\/contact\/#breadcrumb\",\"itemListElement\":[{\"@type\":\"ListItem\",\"position\":1,\"name\":\"Home\",\"item\":\"https:\/\/patteschoyees.ca\/\"},{\"@type\":\"ListItem\",\"position\":2,\"name\":\"Contact\"}]},{\"@type\":\"WebSite\",\"@id\":\"https:\/\/patteschoyees.ca\/#website\",\"url\":\"https:\/\/patteschoyees.ca\/\",\"name\":\"PATTES CHOY&Eacute;ES-PAMPERED PAWS\",\"description\":\"Baume pour prot&eacute;ger les pattes de chien naturel, Natural dog paw protection balm\",\"publisher\":{\"@id\":\"https:\/\/patteschoyees.ca\/#organization\"},\"potentialAction\":[{\"@type\":\"SearchAction\",\"target\":{\"@type\":\"EntryPoint\",\"urlTemplate\":\"https:\/\/patteschoyees.ca\/?s={search_term_string}\"},\"query-input\":{\"@type\":\"PropertyValueSpecification\",\"valueRequired\":true,\"valueName\":\"search_term_string\"}}],\"inLanguage\":\"en-CA\"},{\"@type\":\"Organization\",\"@id\":\"https:\/\/patteschoyees.ca\/#organization\",\"name\":\"Les Produits Pattes Choy\u00e9es\",\"url\":\"https:\/\/patteschoyees.ca\/\",\"logo\":{\"@type\":\"ImageObject\",\"inLanguage\":\"en-CA\",\"@id\":\"https:\/\/patteschoyees.ca\/#\/schema\/logo\/image\/\",\"url\":\"https:\/\/i0.wp.com\/patteschoyees.ca\/wp-content\/uploads\/2019\/03\/Pampered-paws-logo-FINAL.png?fit=6482%2C6481&ssl=1\",\"contentUrl\":\"https:\/\/i0.wp.com\/patteschoyees.ca\/wp-content\/uploads\/2019\/03\/Pampered-paws-logo-FINAL.png?fit=6482%2C6481&ssl=1\",\"width\":6482,\"height\":6481,\"caption\":\"Les Produits Pattes Choy\u00e9es\"},\"image\":{\"@id\":\"https:\/\/patteschoyees.ca\/#\/schema\/logo\/image\/\"},\"sameAs\":[\"https:\/\/www.facebook.com\/Patteschoyees\",\"https:\/\/x.com\/pamperedpawbalm\",\"https:\/\/www.instagram.com\/pamperedpawbalm\"]}]}<\/script>\n<!-- \/ Yoast SEO plugin. -->","yoast_head_json":{"title":"Contact - PATTES CHOY&Eacute;ES-PAMPERED PAWS","description":"Baume pour pattes de votre chien tout naturel et non-rafin\u00e9. Ideale pour prot\u00e8ger les cousinets l'hiver contre le sel et l'accumulation de neige, excellent hydratant pour le nez et pattes- Natural unrefined balm to help protect your dog's paws against salt and snow accumulations, works great as a moisturizer for his nose and pads.","robots":{"index":"index","follow":"follow","max-snippet":"max-snippet:-1","max-image-preview":"max-image-preview:large","max-video-preview":"max-video-preview:-1"},"canonical":"https:\/\/patteschoyees.ca\/en_ca\/contact\/","og_locale":"en_US","og_type":"article","og_title":"Contact - PATTES CHOY&Eacute;ES-PAMPERED PAWS","og_description":"Baume pour pattes de votre chien tout naturel et non-rafin\u00e9. Ideale pour prot\u00e8ger les cousinets l'hiver contre le sel et l'accumulation de neige, excellent hydratant pour le nez et pattes- Natural unrefined balm to help protect your dog's paws against salt and snow accumulations, works great as a moisturizer for his nose and pads.","og_url":"https:\/\/patteschoyees.ca\/en_ca\/contact\/","og_site_name":"PATTES CHOY&Eacute;ES-PAMPERED PAWS","article_publisher":"https:\/\/www.facebook.com\/Patteschoyees","article_modified_time":"2023-04-20T11:24:50+00:00","og_image":[{"width":6482,"height":6481,"url":"https:\/\/i0.wp.com\/patteschoyees.ca\/wp-content\/uploads\/2019\/03\/Pampered-paws-logo-FINAL.png?fit=6482%2C6481&ssl=1","type":"image\/png"}],"twitter_card":"summary_large_image","twitter_site":"@pamperedpawbalm","twitter_misc":{"Est. reading time":"1 minute"},"schema":{"@context":"https:\/\/schema.org","@graph":[{"@type":"WebPage","@id":"https:\/\/patteschoyees.ca\/contact\/","url":"https:\/\/patteschoyees.ca\/contact\/","name":"Contact - PATTES CHOY&Eacute;ES-PAMPERED PAWS","isPartOf":{"@id":"https:\/\/patteschoyees.ca\/#website"},"datePublished":"2015-10-30T13:52:04+00:00","dateModified":"2023-04-20T11:24:50+00:00","description":"Baume pour pattes de votre chien tout naturel et non-rafin\u00e9. Ideale pour prot\u00e8ger les cousinets l'hiver contre le sel et l'accumulation de neige, excellent hydratant pour le nez et pattes- Natural unrefined balm to help protect your dog's paws against salt and snow accumulations, works great as a moisturizer for his nose and pads.","breadcrumb":{"@id":"https:\/\/patteschoyees.ca\/contact\/#breadcrumb"},"inLanguage":"en-CA","potentialAction":[{"@type":"ReadAction","target":["https:\/\/patteschoyees.ca\/contact\/"]}]},{"@type":"BreadcrumbList","@id":"https:\/\/patteschoyees.ca\/contact\/#breadcrumb","itemListElement":[{"@type":"ListItem","position":1,"name":"Home","item":"https:\/\/patteschoyees.ca\/"},{"@type":"ListItem","position":2,"name":"Contact"}]},{"@type":"WebSite","@id":"https:\/\/patteschoyees.ca\/#website","url":"https:\/\/patteschoyees.ca\/","name":"PATTES CHOY&Eacute;ES-PAMPERED PAWS","description":"Baume pour prot&eacute;ger les pattes de chien naturel, Natural dog paw protection balm","publisher":{"@id":"https:\/\/patteschoyees.ca\/#organization"},"potentialAction":[{"@type":"SearchAction","target":{"@type":"EntryPoint","urlTemplate":"https:\/\/patteschoyees.ca\/?s={search_term_string}"},"query-input":{"@type":"PropertyValueSpecification","valueRequired":true,"valueName":"search_term_string"}}],"inLanguage":"en-CA"},{"@type":"Organization","@id":"https:\/\/patteschoyees.ca\/#organization","name":"Les Produits Pattes Choy\u00e9es","url":"https:\/\/patteschoyees.ca\/","logo":{"@type":"ImageObject","inLanguage":"en-CA","@id":"https:\/\/patteschoyees.ca\/#\/schema\/logo\/image\/","url":"https:\/\/i0.wp.com\/patteschoyees.ca\/wp-content\/uploads\/2019\/03\/Pampered-paws-logo-FINAL.png?fit=6482%2C6481&ssl=1","contentUrl":"https:\/\/i0.wp.com\/patteschoyees.ca\/wp-content\/uploads\/2019\/03\/Pampered-paws-logo-FINAL.png?fit=6482%2C6481&ssl=1","width":6482,"height":6481,"caption":"Les Produits Pattes Choy\u00e9es"},"image":{"@id":"https:\/\/patteschoyees.ca\/#\/schema\/logo\/image\/"},"sameAs":["https:\/\/www.facebook.com\/Patteschoyees","https:\/\/x.com\/pamperedpawbalm","https:\/\/www.instagram.com\/pamperedpawbalm"]}]}},"jetpack_shortlink":"https:\/\/wp.me\/PaDcAV-5n","jetpack-related-posts":[{"id":9,"url":"https:\/\/patteschoyees.ca\/en_ca\/","url_meta":{"origin":333,"position":0},"title":"Homepage","author":"Caroline","date":"2018-09-24","format":false,"excerpt":"","rel":"","context":"Similar post","block_context":{"text":"Similar post","link":""},"img":{"alt_text":"","src":"https:\/\/i0.wp.com\/patteschoyees.ca\/wp-content\/uploads\/2025\/02\/Screenshot-2025-02-24-141119-1-370x130.png?resize=350%2C200&ssl=1","width":350,"height":200},"classes":[]},{"id":1420,"url":"https:\/\/patteschoyees.ca\/en_ca\/about-us\/","url_meta":{"origin":333,"position":1},"title":"About Us","author":"Caroline","date":"2016-02-15","format":false,"excerpt":"","rel":"","context":"Similar post","block_context":{"text":"Similar post","link":""},"img":{"alt_text":"","src":"","width":0,"height":0},"classes":[]},{"id":4552,"url":"https:\/\/patteschoyees.ca\/en_ca\/info\/","url_meta":{"origin":333,"position":2},"title":"INFO","author":"Caroline","date":"2019-09-16","format":false,"excerpt":"","rel":"","context":"Similar post","block_context":{"text":"Similar post","link":""},"img":{"alt_text":"","src":"","width":0,"height":0},"classes":[]},{"id":4188,"url":"https:\/\/patteschoyees.ca\/en_ca\/terms-of-use-and-privacy-policy\/","url_meta":{"origin":333,"position":3},"title":"L\u00e9gale- Legal","author":"Caroline","date":"2019-04-10","format":false,"excerpt":"Conditions g\u00e9n\u00e9rales d'utilisation et politique de confidentialit\u00e9 - Terms of use and Privacy Policy English follows below CONDITIONS G\u00c9N\u00c9RALES D'UTILISATION DE: Les Produits Pattes Choy\u00e9es Date de derni\u00e8re mise \u00e0 jour\u00a0: 11 avril 2019 PRI\u00c8RE DE LIRE LES CONDITIONS G\u00c9N\u00c9RALES AVANT D'UTILISER LE SITE Les conditions g\u00e9n\u00e9rales qui suivent gouvernent\u2026","rel":"","context":"Similar post","block_context":{"text":"Similar post","link":""},"img":{"alt_text":"","src":"","width":0,"height":0},"classes":[]}],"jetpack_sharing_enabled":true,"jetpack_likes_enabled":true,"_links":{"self":[{"href":"https:\/\/patteschoyees.ca\/en_ca\/wp-json\/wp\/v2\/pages\/333","targetHints":{"allow":["GET"]}}],"collection":[{"href":"https:\/\/patteschoyees.ca\/en_ca\/wp-json\/wp\/v2\/pages"}],"about":[{"href":"https:\/\/patteschoyees.ca\/en_ca\/wp-json\/wp\/v2\/types\/page"}],"author":[{"embeddable":true,"href":"https:\/\/patteschoyees.ca\/en_ca\/wp-json\/wp\/v2\/users\/1"}],"replies":[{"embeddable":true,"href":"https:\/\/patteschoyees.ca\/en_ca\/wp-json\/wp\/v2\/comments?post=333"}],"version-history":[{"count":1,"href":"https:\/\/patteschoyees.ca\/en_ca\/wp-json\/wp\/v2\/pages\/333\/revisions"}],"predecessor-version":[{"id":5250,"href":"https:\/\/patteschoyees.ca\/en_ca\/wp-json\/wp\/v2\/pages\/333\/revisions\/5250"}],"wp:attachment":[{"href":"https:\/\/patteschoyees.ca\/en_ca\/wp-json\/wp\/v2\/media?parent=333"}],"curies":[{"name":"wp","href":"https:\/\/api.w.org\/{rel}","templated":true}]}}