{"id":4552,"date":"2019-09-16T08:21:24","date_gmt":"2019-09-16T12:21:24","guid":{"rendered":"https:\/\/patteschoyees.ca\/?page_id=4552"},"modified":"2019-09-16T09:27:06","modified_gmt":"2019-09-16T13:27:06","slug":"info","status":"publish","type":"page","link":"https:\/\/patteschoyees.ca\/fr\/info\/","title":{"rendered":"INFO"},"content":{"rendered":"<div class=\"wpb-content-wrapper\"><div  class=\"vc_row69ea3235684d0 vc_row wpb_row\"><div class=\"container\"><div class=\"row\">\n\t<div class=\"vc_col-sm-12 wpb_column vc_column_container vc_custom_1568637341471\">\n\t\t<div class=\"wpb_wrapper\">\n\t\t\t\n\t<div  class=\"wpb_single_image wpb_content_element vc_align_center wpb_content_element vc_custom_1568637742489\">\n\t\t\n\t\t<figure class=\"wpb_wrapper vc_figure\">\n\t\t\t<div class=\"vc_single_image-wrapper vc_box_shadow_3d  vc_box_border_grey\"><img loading=\"lazy\" decoding=\"async\" width=\"323\" height=\"430\" src=\"https:\/\/i0.wp.com\/patteschoyees.ca\/wp-content\/uploads\/2019\/09\/dryfeet.jpg?fit=323%2C430&amp;ssl=1\" class=\"vc_single_image-img attachment-large\" alt=\"\" title=\"dryfeet\" srcset=\"https:\/\/i0.wp.com\/patteschoyees.ca\/wp-content\/uploads\/2019\/09\/dryfeet.jpg?w=720&amp;ssl=1 720w, https:\/\/i0.wp.com\/patteschoyees.ca\/wp-content\/uploads\/2019\/09\/dryfeet.jpg?resize=155%2C207&amp;ssl=1 155w, https:\/\/i0.wp.com\/patteschoyees.ca\/wp-content\/uploads\/2019\/09\/dryfeet.jpg?resize=323%2C430&amp;ssl=1 323w, https:\/\/i0.wp.com\/patteschoyees.ca\/wp-content\/uploads\/2019\/09\/dryfeet.jpg?resize=9%2C12&amp;ssl=1 9w\" sizes=\"auto, (max-width: 323px) 100vw, 323px\" data-attachment-id=\"4607\" data-permalink=\"https:\/\/patteschoyees.ca\/fr\/info\/dryfeet\/\" data-orig-file=\"https:\/\/i0.wp.com\/patteschoyees.ca\/wp-content\/uploads\/2019\/09\/dryfeet.jpg?fit=720%2C960&amp;ssl=1\" data-orig-size=\"720,960\" data-comments-opened=\"1\" data-image-meta=\"{&quot;aperture&quot;:&quot;0&quot;,&quot;credit&quot;:&quot;&quot;,&quot;camera&quot;:&quot;&quot;,&quot;caption&quot;:&quot;&quot;,&quot;created_timestamp&quot;:&quot;0&quot;,&quot;copyright&quot;:&quot;&quot;,&quot;focal_length&quot;:&quot;0&quot;,&quot;iso&quot;:&quot;0&quot;,&quot;shutter_speed&quot;:&quot;0&quot;,&quot;title&quot;:&quot;&quot;,&quot;orientation&quot;:&quot;0&quot;}\" data-image-title=\"dryfeet\" data-image-description=\"\" data-image-caption=\"\" data-medium-file=\"https:\/\/i0.wp.com\/patteschoyees.ca\/wp-content\/uploads\/2019\/09\/dryfeet.jpg?fit=155%2C207&amp;ssl=1\" data-large-file=\"https:\/\/i0.wp.com\/patteschoyees.ca\/wp-content\/uploads\/2019\/09\/dryfeet.jpg?fit=323%2C430&amp;ssl=1\" \/><\/div>\n\t\t<\/figure>\n\t<\/div>\n<div class=\"vc_empty_space\"   style=\"height: 64px\"><span class=\"vc_empty_space_inner\"><\/span><\/div>\n\t<div class=\"wpb_text_column wpb_content_element vc_custom_1568638077506\" >\n\t\t<div class=\"wpb_wrapper\">\n\t\t\t<p style=\"text-align: center;\"><span style=\"font-size: 24pt;\"><strong>Baume pour pattes<\/strong>:<\/span><\/p>\n<p style=\"text-align: center;\"><span style=\"font-size: 18pt;\"><strong>En hiver:<\/strong> Appliquez le baume avant votre promenade, la cire d\u2019abeille durcie au froid cr\u00e9ant une couche protectrice contre le sel irritant et les accumulations de neige. D\u00e8s votre retour, enlevez l\u2019exc\u00e9dant avec un chiffon doux.<\/span><\/p>\n<p><span style=\"font-size: 18pt;\"><\/span><\/p>\n<p style=\"text-align: center;\"><span style=\"font-size: 18pt;\"><strong>En tout temps: <\/strong>C\u2019est un hydratant hors-pair. Comme nous, nos chiens doivent garder leur peau et leurs pattes bien hydrat\u00e9s. Appliquez  une mince couche sur les  coussinets pour pr\u00e9venir les callosit\u00e9s. Parfois nos chiens on le nez s\u00e8che alors une petite touche de baume sur l\u2019endroit indiqu\u00e9 peut soulager la s\u00e9cheresse. C\u2019est aussi efficace sur leurs coudes!<\/span><\/p>\n<p><span style=\"font-size: 18pt;\"><\/span><\/p>\n<p style=\"text-align: center;\"><span style=\"font-size: 18pt;\"><strong>En \u00e9t\u00e9:<\/strong> APR\u00c8S une longue promenade, vous pouvez hydrater leurs pattes pour garder les coussinets doux et souples. L\u2019eau peut d\u00e9shydrater leur peau alors une application de temps \u00e0 temps leur permettra de batifoler durant toute l\u2019\u00e9t\u00e9.\u00a0<\/span><\/p>\n<p><span style=\"font-size: 18pt;\"><\/span><\/p>\n<p style=\"text-align: center;\"><span style=\"font-size: 24pt;\"><strong>BAUME POUR MUSEAUX<\/strong><\/span><\/p>\n<p><span style=\"font-size: 18pt;\"><\/span><\/p>\n<p style=\"text-align: center;\"><em><span style=\"font-size: 18pt;\">Notre baume museau peut aussi bien \u00eatre utilis\u00e9 sur les pattes de petits chiens<\/span><\/em><\/p>\n<p><span style=\"font-size: 18pt;\"><\/span><\/p>\n<p style=\"text-align: center;\"><span style=\"font-size: 18pt;\"><strong>En hiver:<\/strong> Appliquez le baume museau avant votre promenade. La cire d\u2019abeille durcit, cr\u00e9ant une barri\u00e8re contre le vent, le froid et la neige.<\/span><\/p>\n<p><span style=\"font-size: 18pt;\"><\/span><\/p>\n<p style=\"text-align: center;\"><span style=\"font-size: 18pt;\"><strong>En \u00e9t\u00e9:<\/strong> D\u00e8s que le nez est s\u00e8che.<\/span><\/p>\n<p><span style=\"font-size: 18pt;\"><\/span><\/p>\n<p style=\"text-align: center;\"><span style=\"font-size: 18pt;\"><strong>En tout temps\u00a0: <\/strong>Comme un hydratant hors-pair. Comme nous, nos chiens doivent hydrater leur peau. Parfois leur nez devient s\u00e8che alors une petite touche sur son nez le soulagera. <\/span><\/p>\n<p style=\"text-align: center;\"><span style=\"font-size: 18pt;\"><strong>Fr\u00e9quence de nos produits\u00a0:<\/strong> Si les coussinets de votre chien sont tr\u00e8s s\u00e8ches, une application quelque fois par semaine est recommand\u00e9 jusqu\u2019\u00e0 ce que les coussinets se r\u00e9hydratent naturellement. Pour les pattes, les nez et les coudes en sant\u00e9, appliquez au besoin.<\/span><\/p>\n<p><span style=\"font-size: 18pt;\"><\/span><\/p>\n<p style=\"text-align: center;\"><span style=\"font-size: 18pt;\"><strong>Pour usage externe seulement. <\/strong><b>Ne jamais utiliser sur une peau fendill\u00e9e. Discontinuer l\u2019usage en pr\u00e9sence d\u2019irritation ou rougeur. Suivrez toujours les directives de votre v\u00e9t\u00e9rinaire.<\/b><strong> care provider.<\/strong><\/span><\/p>\n<p style=\"text-align: center;\">\n\n\t\t<\/div>\n\t<\/div>\n\n\t\t<\/div> \n\t<\/div> \n<\/div><\/div><\/div><div  class=\"vc_row69ea32357b976 vc_row wpb_row\"><div class=\"container\"><div class=\"row\">\n\t<div class=\"vc_col-sm-12 wpb_column vc_column_container\">\n\t\t<div class=\"wpb_wrapper\">\n\t\t\t\n\t\t<\/div> \n\t<\/div> \n<\/div><\/div><\/div><div  class=\"vc_row69ea32357bc15 vc_row wpb_row\"><div class=\"container\"><div class=\"row\">\n\t<div class=\"vc_col-sm-12 wpb_column vc_column_container\">\n\t\t<div class=\"wpb_wrapper\">\n\t\t\t\n\t\t<\/div> \n\t<\/div> \n<\/div><\/div><\/div><\/div>","protected":false},"excerpt":{"rendered":"PAW BALM: In the winter: Apply the balm just before going out for a walk, the bee's wax hardens in colder weather, creating a protective layer against the harsh road salt and snow accumulations.\u00a0 Upon your return, wipe off any access with a soft cloth. For year round use: It's an amazing moisturizer and hydrator. [...]","protected":false},"author":1,"featured_media":0,"parent":0,"menu_order":0,"comment_status":"closed","ping_status":"closed","template":"","meta":{"footnotes":""},"class_list":["post-4552","page","type-page","status-publish","hentry"],"yoast_head":"<!-- This site is optimized with the Yoast SEO plugin v25.7 - https:\/\/yoast.com\/wordpress\/plugins\/seo\/ -->\n<title>INFO - PATTES CHOY&Eacute;ES-PAMPERED PAWS<\/title>\n<meta name=\"description\" content=\"Baume pour pattes de votre chien tout naturel et non-rafin\u00e9. Ideale pour prot\u00e8ger les cousinets l&#039;hiver contre le sel et l&#039;accumulation de neige, excellent hydratant pour le nez et pattes- Natural unrefined balm to help protect your dog&#039;s paws against salt and snow accumulations, works great as a moisturizer for his nose and pads.\" \/>\n<meta name=\"robots\" content=\"index, follow, max-snippet:-1, max-image-preview:large, max-video-preview:-1\" \/>\n<link rel=\"canonical\" href=\"http:\/\/patteschoyees.ca\/fr\/info\/\" \/>\n<meta property=\"og:locale\" content=\"fr_CA\" \/>\n<meta property=\"og:type\" content=\"article\" \/>\n<meta property=\"og:title\" content=\"INFO - PATTES CHOY&Eacute;ES-PAMPERED PAWS\" \/>\n<meta property=\"og:description\" content=\"Baume pour pattes de votre chien tout naturel et non-rafin\u00e9. Ideale pour prot\u00e8ger les cousinets l&#039;hiver contre le sel et l&#039;accumulation de neige, excellent hydratant pour le nez et pattes- Natural unrefined balm to help protect your dog&#039;s paws against salt and snow accumulations, works great as a moisturizer for his nose and pads.\" \/>\n<meta property=\"og:url\" content=\"http:\/\/patteschoyees.ca\/fr\/info\/\" \/>\n<meta property=\"og:site_name\" content=\"PATTES CHOY&Eacute;ES-PAMPERED PAWS\" \/>\n<meta property=\"article:publisher\" content=\"https:\/\/www.facebook.com\/Patteschoyees\" \/>\n<meta property=\"article:modified_time\" content=\"2019-09-16T13:27:06+00:00\" \/>\n<meta property=\"og:image\" content=\"https:\/\/i0.wp.com\/patteschoyees.ca\/wp-content\/uploads\/2019\/03\/Pampered-paws-logo-FINAL.png?fit=6482%2C6481&ssl=1\" \/>\n\t<meta property=\"og:image:width\" content=\"6482\" \/>\n\t<meta property=\"og:image:height\" content=\"6481\" \/>\n\t<meta property=\"og:image:type\" content=\"image\/png\" \/>\n<meta name=\"twitter:card\" content=\"summary_large_image\" \/>\n<meta name=\"twitter:site\" content=\"@pamperedpawbalm\" \/>\n<meta name=\"twitter:label1\" content=\"Estimation du temps de lecture\" \/>\n\t<meta name=\"twitter:data1\" content=\"2 minutes\" \/>\n<script type=\"application\/ld+json\" class=\"yoast-schema-graph\">{\"@context\":\"https:\/\/schema.org\",\"@graph\":[{\"@type\":\"WebPage\",\"@id\":\"http:\/\/patteschoyees.ca\/en_ca\/info\/\",\"url\":\"http:\/\/patteschoyees.ca\/en_ca\/info\/\",\"name\":\"INFO - PATTES CHOY&Eacute;ES-PAMPERED PAWS\",\"isPartOf\":{\"@id\":\"https:\/\/patteschoyees.ca\/#website\"},\"datePublished\":\"2019-09-16T12:21:24+00:00\",\"dateModified\":\"2019-09-16T13:27:06+00:00\",\"description\":\"Baume pour pattes de votre chien tout naturel et non-rafin\u00e9. Ideale pour prot\u00e8ger les cousinets l'hiver contre le sel et l'accumulation de neige, excellent hydratant pour le nez et pattes- Natural unrefined balm to help protect your dog's paws against salt and snow accumulations, works great as a moisturizer for his nose and pads.\",\"breadcrumb\":{\"@id\":\"http:\/\/patteschoyees.ca\/en_ca\/info\/#breadcrumb\"},\"inLanguage\":\"fr-CA\",\"potentialAction\":[{\"@type\":\"ReadAction\",\"target\":[\"http:\/\/patteschoyees.ca\/en_ca\/info\/\"]}]},{\"@type\":\"BreadcrumbList\",\"@id\":\"http:\/\/patteschoyees.ca\/en_ca\/info\/#breadcrumb\",\"itemListElement\":[{\"@type\":\"ListItem\",\"position\":1,\"name\":\"Home\",\"item\":\"https:\/\/patteschoyees.ca\/\"},{\"@type\":\"ListItem\",\"position\":2,\"name\":\"INFO\"}]},{\"@type\":\"WebSite\",\"@id\":\"https:\/\/patteschoyees.ca\/#website\",\"url\":\"https:\/\/patteschoyees.ca\/\",\"name\":\"PATTES CHOY&Eacute;ES-PAMPERED PAWS\",\"description\":\"Baume pour prot&eacute;ger les pattes de chien naturel, Natural dog paw protection balm\",\"publisher\":{\"@id\":\"https:\/\/patteschoyees.ca\/#organization\"},\"potentialAction\":[{\"@type\":\"SearchAction\",\"target\":{\"@type\":\"EntryPoint\",\"urlTemplate\":\"https:\/\/patteschoyees.ca\/?s={search_term_string}\"},\"query-input\":{\"@type\":\"PropertyValueSpecification\",\"valueRequired\":true,\"valueName\":\"search_term_string\"}}],\"inLanguage\":\"fr-CA\"},{\"@type\":\"Organization\",\"@id\":\"https:\/\/patteschoyees.ca\/#organization\",\"name\":\"Les Produits Pattes Choy\u00e9es\",\"url\":\"https:\/\/patteschoyees.ca\/\",\"logo\":{\"@type\":\"ImageObject\",\"inLanguage\":\"fr-CA\",\"@id\":\"https:\/\/patteschoyees.ca\/#\/schema\/logo\/image\/\",\"url\":\"https:\/\/i0.wp.com\/patteschoyees.ca\/wp-content\/uploads\/2019\/03\/Pampered-paws-logo-FINAL.png?fit=6482%2C6481&ssl=1\",\"contentUrl\":\"https:\/\/i0.wp.com\/patteschoyees.ca\/wp-content\/uploads\/2019\/03\/Pampered-paws-logo-FINAL.png?fit=6482%2C6481&ssl=1\",\"width\":6482,\"height\":6481,\"caption\":\"Les Produits Pattes Choy\u00e9es\"},\"image\":{\"@id\":\"https:\/\/patteschoyees.ca\/#\/schema\/logo\/image\/\"},\"sameAs\":[\"https:\/\/www.facebook.com\/Patteschoyees\",\"https:\/\/x.com\/pamperedpawbalm\",\"https:\/\/www.instagram.com\/pamperedpawbalm\"]}]}<\/script>\n<!-- \/ Yoast SEO plugin. -->","yoast_head_json":{"title":"INFO - PATTES CHOY&Eacute;ES-PAMPERED PAWS","description":"Baume pour pattes de votre chien tout naturel et non-rafin\u00e9. Ideale pour prot\u00e8ger les cousinets l'hiver contre le sel et l'accumulation de neige, excellent hydratant pour le nez et pattes- Natural unrefined balm to help protect your dog's paws against salt and snow accumulations, works great as a moisturizer for his nose and pads.","robots":{"index":"index","follow":"follow","max-snippet":"max-snippet:-1","max-image-preview":"max-image-preview:large","max-video-preview":"max-video-preview:-1"},"canonical":"http:\/\/patteschoyees.ca\/fr\/info\/","og_locale":"fr_CA","og_type":"article","og_title":"INFO - PATTES CHOY&Eacute;ES-PAMPERED PAWS","og_description":"Baume pour pattes de votre chien tout naturel et non-rafin\u00e9. Ideale pour prot\u00e8ger les cousinets l'hiver contre le sel et l'accumulation de neige, excellent hydratant pour le nez et pattes- Natural unrefined balm to help protect your dog's paws against salt and snow accumulations, works great as a moisturizer for his nose and pads.","og_url":"http:\/\/patteschoyees.ca\/fr\/info\/","og_site_name":"PATTES CHOY&Eacute;ES-PAMPERED PAWS","article_publisher":"https:\/\/www.facebook.com\/Patteschoyees","article_modified_time":"2019-09-16T13:27:06+00:00","og_image":[{"width":6482,"height":6481,"url":"https:\/\/i0.wp.com\/patteschoyees.ca\/wp-content\/uploads\/2019\/03\/Pampered-paws-logo-FINAL.png?fit=6482%2C6481&ssl=1","type":"image\/png"}],"twitter_card":"summary_large_image","twitter_site":"@pamperedpawbalm","twitter_misc":{"Estimation du temps de lecture":"2 minutes"},"schema":{"@context":"https:\/\/schema.org","@graph":[{"@type":"WebPage","@id":"http:\/\/patteschoyees.ca\/en_ca\/info\/","url":"http:\/\/patteschoyees.ca\/en_ca\/info\/","name":"INFO - PATTES CHOY&Eacute;ES-PAMPERED PAWS","isPartOf":{"@id":"https:\/\/patteschoyees.ca\/#website"},"datePublished":"2019-09-16T12:21:24+00:00","dateModified":"2019-09-16T13:27:06+00:00","description":"Baume pour pattes de votre chien tout naturel et non-rafin\u00e9. Ideale pour prot\u00e8ger les cousinets l'hiver contre le sel et l'accumulation de neige, excellent hydratant pour le nez et pattes- Natural unrefined balm to help protect your dog's paws against salt and snow accumulations, works great as a moisturizer for his nose and pads.","breadcrumb":{"@id":"http:\/\/patteschoyees.ca\/en_ca\/info\/#breadcrumb"},"inLanguage":"fr-CA","potentialAction":[{"@type":"ReadAction","target":["http:\/\/patteschoyees.ca\/en_ca\/info\/"]}]},{"@type":"BreadcrumbList","@id":"http:\/\/patteschoyees.ca\/en_ca\/info\/#breadcrumb","itemListElement":[{"@type":"ListItem","position":1,"name":"Home","item":"https:\/\/patteschoyees.ca\/"},{"@type":"ListItem","position":2,"name":"INFO"}]},{"@type":"WebSite","@id":"https:\/\/patteschoyees.ca\/#website","url":"https:\/\/patteschoyees.ca\/","name":"PATTES CHOY&Eacute;ES-PAMPERED PAWS","description":"Baume pour prot&eacute;ger les pattes de chien naturel, Natural dog paw protection balm","publisher":{"@id":"https:\/\/patteschoyees.ca\/#organization"},"potentialAction":[{"@type":"SearchAction","target":{"@type":"EntryPoint","urlTemplate":"https:\/\/patteschoyees.ca\/?s={search_term_string}"},"query-input":{"@type":"PropertyValueSpecification","valueRequired":true,"valueName":"search_term_string"}}],"inLanguage":"fr-CA"},{"@type":"Organization","@id":"https:\/\/patteschoyees.ca\/#organization","name":"Les Produits Pattes Choy\u00e9es","url":"https:\/\/patteschoyees.ca\/","logo":{"@type":"ImageObject","inLanguage":"fr-CA","@id":"https:\/\/patteschoyees.ca\/#\/schema\/logo\/image\/","url":"https:\/\/i0.wp.com\/patteschoyees.ca\/wp-content\/uploads\/2019\/03\/Pampered-paws-logo-FINAL.png?fit=6482%2C6481&ssl=1","contentUrl":"https:\/\/i0.wp.com\/patteschoyees.ca\/wp-content\/uploads\/2019\/03\/Pampered-paws-logo-FINAL.png?fit=6482%2C6481&ssl=1","width":6482,"height":6481,"caption":"Les Produits Pattes Choy\u00e9es"},"image":{"@id":"https:\/\/patteschoyees.ca\/#\/schema\/logo\/image\/"},"sameAs":["https:\/\/www.facebook.com\/Patteschoyees","https:\/\/x.com\/pamperedpawbalm","https:\/\/www.instagram.com\/pamperedpawbalm"]}]}},"jetpack_shortlink":"https:\/\/wp.me\/PaDcAV-1bq","jetpack-related-posts":[{"id":9,"url":"https:\/\/patteschoyees.ca\/fr\/","url_meta":{"origin":4552,"position":0},"title":"Accueil","author":"Caroline","date":"2018-09-24","format":false,"excerpt":"","rel":"","context":"Similar post","block_context":{"text":"Similar post","link":""},"img":{"alt_text":"","src":"https:\/\/i0.wp.com\/patteschoyees.ca\/wp-content\/uploads\/2025\/02\/Screenshot-2025-02-24-141119-1-370x130.png?resize=350%2C200&ssl=1","width":350,"height":200},"classes":[]},{"id":1420,"url":"https:\/\/patteschoyees.ca\/fr\/about-us\/","url_meta":{"origin":4552,"position":1},"title":"\u00c0 Propos","author":"Caroline","date":"2016-02-15","format":false,"excerpt":"","rel":"","context":"Similar post","block_context":{"text":"Similar post","link":""},"img":{"alt_text":"","src":"","width":0,"height":0},"classes":[]},{"id":4188,"url":"https:\/\/patteschoyees.ca\/fr\/terms-of-use-and-privacy-policy\/","url_meta":{"origin":4552,"position":2},"title":"L\u00e9gale- Legal","author":"Caroline","date":"2019-04-10","format":false,"excerpt":"Conditions g\u00e9n\u00e9rales d'utilisation et politique de confidentialit\u00e9 - Terms of use and Privacy Policy English follows below CONDITIONS G\u00c9N\u00c9RALES D'UTILISATION DE: Les Produits Pattes Choy\u00e9es Date de derni\u00e8re mise \u00e0 jour\u00a0: 11 avril 2019 PRI\u00c8RE DE LIRE LES CONDITIONS G\u00c9N\u00c9RALES AVANT D'UTILISER LE SITE Les conditions g\u00e9n\u00e9rales qui suivent gouvernent\u2026","rel":"","context":"Similar post","block_context":{"text":"Similar post","link":""},"img":{"alt_text":"","src":"","width":0,"height":0},"classes":[]}],"jetpack_sharing_enabled":true,"jetpack_likes_enabled":true,"_links":{"self":[{"href":"https:\/\/patteschoyees.ca\/fr\/wp-json\/wp\/v2\/pages\/4552","targetHints":{"allow":["GET"]}}],"collection":[{"href":"https:\/\/patteschoyees.ca\/fr\/wp-json\/wp\/v2\/pages"}],"about":[{"href":"https:\/\/patteschoyees.ca\/fr\/wp-json\/wp\/v2\/types\/page"}],"author":[{"embeddable":true,"href":"https:\/\/patteschoyees.ca\/fr\/wp-json\/wp\/v2\/users\/1"}],"replies":[{"embeddable":true,"href":"https:\/\/patteschoyees.ca\/fr\/wp-json\/wp\/v2\/comments?post=4552"}],"version-history":[{"count":0,"href":"https:\/\/patteschoyees.ca\/fr\/wp-json\/wp\/v2\/pages\/4552\/revisions"}],"wp:attachment":[{"href":"https:\/\/patteschoyees.ca\/fr\/wp-json\/wp\/v2\/media?parent=4552"}],"curies":[{"name":"wp","href":"https:\/\/api.w.org\/{rel}","templated":true}]}}